{"id":15898,"date":"2016-07-21T08:16:16","date_gmt":"2016-07-21T08:16:16","guid":{"rendered":"https:\/\/arc.coop\/?page_id=15898"},"modified":"2021-12-13T11:56:01","modified_gmt":"2021-12-13T11:56:01","slug":"equipo","status":"publish","type":"page","link":"https:\/\/arc.coop\/es\/equipo\/","title":{"rendered":"Equipo"},"content":{"rendered":"<div class=\"fusion-fullwidth fullwidth-box fusion-fullwidth-1  fusion-parallax-none nonhundred-percent-fullwidth background_1100\" style=\"border-color:#eae9e9;border-bottom-width: 0px;border-top-width: 0px;border-bottom-style: solid;border-top-style: solid;padding-bottom:20px;padding-top:20px;padding-left:;padding-right:;background-color:#f2f2f2;\"><style type=\"text\/css\" scoped=\"scoped\">.fusion-fullwidth-1 {\n                            padding-left: px !important;\n                            padding-right: px !important;\n                        }<\/style><div class=\"fusion-row\"><div class=\"fusion-three-fifth fusion-layout-column fusion-spacing-yes\" style=\"margin-top:20px;margin-bottom:20px;\"><div class=\"fusion-column-wrapper\"><h2 class=\"title1\" style=\"text-align: left;\"><span style=\"color: #2e7952;\">Equipo<br \/>\n<\/span><\/h2>\n<p>Nos hemos asociado para poner en com\u00fan nuestras competencias profesionales en gesti\u00f3n de seguros y crear una empresa cooperativa que sea un espacio de realizaci\u00f3n personal y de pr\u00e1ctica de los valores de la econom\u00eda solidaria. Queremos que los seguros sean una herramienta de solidaridad \u00fatil para las personas, que genere riqueza socioecon\u00f3mica y transforme la realidad pol\u00edtica y econ\u00f3mica.<\/p>\n<div class=\"fusion-clearfix\"><\/div><\/div><\/div><div class=\"fusion-two-fifth fusion-layout-column fusion-column-last fusion-spacing-yes\" style=\"margin-top:0px;margin-bottom:-40px;\"><div class=\"fusion-column-wrapper\" style=\"background:url(https:\/\/arc.coop\/wp-content\/uploads\/2021\/07\/formigues-fonss-1-1024x485.png) right bottom no-repeat ;-webkit-background-size:cover;-moz-background-size:cover;-o-background-size:cover;background-size:cover;\" data-bg-url=\"https:\/\/arc.coop\/wp-content\/uploads\/2021\/07\/formigues-fonss-1-1024x485.png\"><div class=\"fusion-clearfix\"><\/div><\/div><\/div><div class=\"fusion-clearfix\"><\/div><\/div><\/div><div class=\"fusion-fullwidth fullwidth-box fusion-fullwidth-2  fusion-parallax-none nonhundred-percent-fullwidth\" style=\"border-color:#eae9e9;border-bottom-width: 0px;border-top-width: 0px;border-bottom-style: solid;border-top-style: solid;padding-bottom:60px;padding-top:60px;padding-left:0px;padding-right:0px;background-color:#f2f2f2;\"><style type=\"text\/css\" scoped=\"scoped\">.fusion-fullwidth-2 {\n                            padding-left: 0px !important;\n                            padding-right: 0px !important;\n                        }<\/style><div class=\"fusion-row\"><p><img loading=\"lazy\" decoding=\"async\" class=\"size-full wp-image-104197 aligncenter\" src=\"https:\/\/arc.coop\/wp-content\/uploads\/2020\/04\/separador-2.png\" alt=\"\" width=\"1200\" height=\"10\" srcset=\"https:\/\/arc.coop\/wp-content\/uploads\/2020\/04\/separador-2-200x2.png 200w, https:\/\/arc.coop\/wp-content\/uploads\/2020\/04\/separador-2-300x3.png 300w, https:\/\/arc.coop\/wp-content\/uploads\/2020\/04\/separador-2-400x3.png 400w, https:\/\/arc.coop\/wp-content\/uploads\/2020\/04\/separador-2-600x5.png 600w, https:\/\/arc.coop\/wp-content\/uploads\/2020\/04\/separador-2-768x6.png 768w, https:\/\/arc.coop\/wp-content\/uploads\/2020\/04\/separador-2-800x7.png 800w, https:\/\/arc.coop\/wp-content\/uploads\/2020\/04\/separador-2-1024x9.png 1024w, https:\/\/arc.coop\/wp-content\/uploads\/2020\/04\/separador-2.png 1200w\" sizes=\"auto, (max-width: 1200px) 100vw, 1200px\" \/><\/p>\n<div>\n<h3 style=\"text-align: center;\"><span style=\"color: #a32051;\">Somos cooperativa por opci\u00f3n de vida de las personas que formamos parte del proyecto y porque la empresa democr\u00e1tica, participada, independiente y autogestionada es un veh\u00edculo de transformaci\u00f3n social.<\/span><\/h3>\n<\/div>\n<p><img loading=\"lazy\" decoding=\"async\" class=\"size-full wp-image-104197 aligncenter\" src=\"https:\/\/arc.coop\/wp-content\/uploads\/2020\/04\/separador-2.png\" alt=\"\" width=\"1200\" height=\"10\" srcset=\"https:\/\/arc.coop\/wp-content\/uploads\/2020\/04\/separador-2-200x2.png 200w, https:\/\/arc.coop\/wp-content\/uploads\/2020\/04\/separador-2-300x3.png 300w, https:\/\/arc.coop\/wp-content\/uploads\/2020\/04\/separador-2-400x3.png 400w, https:\/\/arc.coop\/wp-content\/uploads\/2020\/04\/separador-2-600x5.png 600w, https:\/\/arc.coop\/wp-content\/uploads\/2020\/04\/separador-2-768x6.png 768w, https:\/\/arc.coop\/wp-content\/uploads\/2020\/04\/separador-2-800x7.png 800w, https:\/\/arc.coop\/wp-content\/uploads\/2020\/04\/separador-2-1024x9.png 1024w, https:\/\/arc.coop\/wp-content\/uploads\/2020\/04\/separador-2.png 1200w\" sizes=\"auto, (max-width: 1200px) 100vw, 1200px\" \/><\/p>\n<\/div><\/div><div class=\"fusion-fullwidth fullwidth-box fusion-fullwidth-3  fusion-parallax-none nonhundred-percent-fullwidth\" style=\"border-color:#eae9e9;border-bottom-width: 0px;border-top-width: 0px;border-bottom-style: solid;border-top-style: solid;padding-bottom:60px;padding-top:20px;padding-left:;padding-right:;background-color:#ffffff;\"><style type=\"text\/css\" scoped=\"scoped\">.fusion-fullwidth-3 {\n                            padding-left: px !important;\n                            padding-right: px !important;\n                        }<\/style><div class=\"fusion-row\"><div class=\"fusion-one-half fusion-layout-column fusion-spacing-yes\" style=\"margin-top:-60px;margin-bottom:20px;\"><div class=\"fusion-column-wrapper\"><div class=\"imageframe-align-center\"><span class=\"fusion-imageframe imageframe-none imageframe-1 hover-type-none\"> <img loading=\"lazy\" decoding=\"async\" src=\"https:\/\/arc.coop\/wp-content\/uploads\/2021\/12\/DO0A9143.jpg\" alt=\"\" width=\"1200\" height=\"800\"class=\"img-responsive wp-image-168189\" srcset=\"https:\/\/arc.coop\/wp-content\/uploads\/2021\/12\/DO0A9143-200x133.jpg 200w, https:\/\/arc.coop\/wp-content\/uploads\/2021\/12\/DO0A9143-400x267.jpg 400w, https:\/\/arc.coop\/wp-content\/uploads\/2021\/12\/DO0A9143-600x400.jpg 600w, https:\/\/arc.coop\/wp-content\/uploads\/2021\/12\/DO0A9143-800x533.jpg 800w, https:\/\/arc.coop\/wp-content\/uploads\/2021\/12\/DO0A9143.jpg 1200w\" sizes=\"auto, (max-width: 800px) 100vw, 1100px\" \/><\/span><\/div><div class=\"fusion-clearfix\"><\/div><\/div><\/div><div class=\"fusion-one-half fusion-layout-column fusion-column-last fusion-spacing-yes\" style=\"margin-top:0px;margin-bottom:20px;\"><div class=\"fusion-column-wrapper\"><h2>Organizaci\u00f3n democr\u00e1tica<\/h2>\n<p>Nos preocupamos por la excelencia empresarial y nos basamos en los principios de la propiedad colectiva y la econom\u00eda social y solidaria:<\/p>\n<p><strong>Autogesti\u00f3n<\/strong>: nos exigimos responsabilidad, cooperaci\u00f3n y autonom\u00eda en el desarrollo de nuestra carrera profesional.<\/p>\n<p><strong>Democracia econ\u00f3mica<\/strong>: desarrollamos metodolog\u00edas de trabajo en equipo y participaci\u00f3n en todos los \u00e1mbitos de la empresa.<\/p>\n<p><strong>Desarrollo sostenible<\/strong>: nos preocupamos por la sociedad y aplicamos criterios estrictos de sostenibilidad social y ambiental.<\/p>\n<p><strong>Solidaridad<\/strong>: intercooperamos con nuestro ecosistema organizativo para promover procesos de transformaci\u00f3n social y econ\u00f3mica.<\/p>\n<div class=\"fusion-clearfix\"><\/div><\/div><\/div><div class=\"fusion-clearfix\"><\/div><\/div><\/div>\n","protected":false},"excerpt":{"rendered":"","protected":false},"author":1,"featured_media":0,"parent":0,"menu_order":0,"comment_status":"closed","ping_status":"closed","template":"100-width.php","meta":{"_monsterinsights_skip_tracking":false,"_monsterinsights_sitenote_active":false,"_monsterinsights_sitenote_note":"","_monsterinsights_sitenote_category":0,"footnotes":""},"class_list":["post-15898","page","type-page","status-publish","hentry"],"yoast_head":"<!-- This site is optimized with the Yoast SEO plugin v25.6 - https:\/\/yoast.com\/wordpress\/plugins\/seo\/ -->\n<title>Equipo - Ar\u00e7 Cooperativa<\/title>\n<meta name=\"description\" content=\"Personas especializadas en seguros asociadas para construir una cooperativa como espacio de realizaci\u00f3n personal y de pr\u00e1ctica de los valores de la ESS.\" \/>\n<meta name=\"robots\" content=\"index, follow, max-snippet:-1, max-image-preview:large, max-video-preview:-1\" \/>\n<link rel=\"canonical\" href=\"https:\/\/arc.coop\/es\/equipo\/\" \/>\n<meta property=\"og:locale\" content=\"es_ES\" \/>\n<meta property=\"og:type\" content=\"article\" \/>\n<meta property=\"og:title\" content=\"Equipo - Ar\u00e7 Cooperativa\" \/>\n<meta property=\"og:description\" content=\"Personas especializadas en seguros asociadas para construir una cooperativa como espacio de realizaci\u00f3n personal y de pr\u00e1ctica de los valores de la ESS.\" \/>\n<meta property=\"og:url\" content=\"https:\/\/arc.coop\/es\/equipo\/\" \/>\n<meta property=\"og:site_name\" content=\"Ar\u00e7 Cooperativa\" \/>\n<meta property=\"article:publisher\" content=\"https:\/\/www.facebook.com\/projectearc\/\" \/>\n<meta property=\"article:modified_time\" content=\"2021-12-13T11:56:01+00:00\" \/>\n<meta property=\"og:image\" content=\"https:\/\/arc.coop\/wp-content\/uploads\/2020\/04\/separador-2.png\" \/>\n<meta name=\"twitter:card\" content=\"summary_large_image\" \/>\n<meta name=\"twitter:site\" content=\"@arc_coop\" \/>\n<meta name=\"twitter:label1\" content=\"Tiempo de lectura\" \/>\n\t<meta name=\"twitter:data1\" content=\"4 minutos\" \/>\n<script type=\"application\/ld+json\" class=\"yoast-schema-graph\">{\"@context\":\"https:\/\/schema.org\",\"@graph\":[{\"@type\":\"WebPage\",\"@id\":\"https:\/\/arc.coop\/es\/equipo\/\",\"url\":\"https:\/\/arc.coop\/es\/equipo\/\",\"name\":\"Equipo - Ar\u00e7 Cooperativa\",\"isPartOf\":{\"@id\":\"https:\/\/arc.coop\/es\/#website\"},\"primaryImageOfPage\":{\"@id\":\"https:\/\/arc.coop\/es\/equipo\/#primaryimage\"},\"image\":{\"@id\":\"https:\/\/arc.coop\/es\/equipo\/#primaryimage\"},\"thumbnailUrl\":\"https:\/\/arc.coop\/wp-content\/uploads\/2020\/04\/separador-2.png\",\"datePublished\":\"2016-07-21T08:16:16+00:00\",\"dateModified\":\"2021-12-13T11:56:01+00:00\",\"description\":\"Personas especializadas en seguros asociadas para construir una cooperativa como espacio de realizaci\u00f3n personal y de pr\u00e1ctica de los valores de la ESS.\",\"breadcrumb\":{\"@id\":\"https:\/\/arc.coop\/es\/equipo\/#breadcrumb\"},\"inLanguage\":\"es\",\"potentialAction\":[{\"@type\":\"ReadAction\",\"target\":[\"https:\/\/arc.coop\/es\/equipo\/\"]}]},{\"@type\":\"ImageObject\",\"inLanguage\":\"es\",\"@id\":\"https:\/\/arc.coop\/es\/equipo\/#primaryimage\",\"url\":\"https:\/\/arc.coop\/wp-content\/uploads\/2020\/04\/separador-2.png\",\"contentUrl\":\"https:\/\/arc.coop\/wp-content\/uploads\/2020\/04\/separador-2.png\"},{\"@type\":\"BreadcrumbList\",\"@id\":\"https:\/\/arc.coop\/es\/equipo\/#breadcrumb\",\"itemListElement\":[{\"@type\":\"ListItem\",\"position\":1,\"name\":\"Inici\",\"item\":\"https:\/\/arc.coop\/es\/\"},{\"@type\":\"ListItem\",\"position\":2,\"name\":\"Equipo\"}]},{\"@type\":\"WebSite\",\"@id\":\"https:\/\/arc.coop\/es\/#website\",\"url\":\"https:\/\/arc.coop\/es\/\",\"name\":\"Ar\u00e7 Cooperativa\",\"description\":\"Assegurem comprom\u00eds\",\"publisher\":{\"@id\":\"https:\/\/arc.coop\/es\/#organization\"},\"potentialAction\":[{\"@type\":\"SearchAction\",\"target\":{\"@type\":\"EntryPoint\",\"urlTemplate\":\"https:\/\/arc.coop\/es\/?s={search_term_string}\"},\"query-input\":{\"@type\":\"PropertyValueSpecification\",\"valueRequired\":true,\"valueName\":\"search_term_string\"}}],\"inLanguage\":\"es\"},{\"@type\":\"Organization\",\"@id\":\"https:\/\/arc.coop\/es\/#organization\",\"name\":\"Ar\u00e7 Cooperativa\",\"url\":\"https:\/\/arc.coop\/es\/\",\"logo\":{\"@type\":\"ImageObject\",\"inLanguage\":\"es\",\"@id\":\"https:\/\/arc.coop\/es\/#\/schema\/logo\/image\/\",\"url\":\"https:\/\/arc.coop\/wp-content\/uploads\/2024\/06\/logo-arc\u00a6o.png\",\"contentUrl\":\"https:\/\/arc.coop\/wp-content\/uploads\/2024\/06\/logo-arc\u00a6o.png\",\"width\":400,\"height\":400,\"caption\":\"Ar\u00e7 Cooperativa\"},\"image\":{\"@id\":\"https:\/\/arc.coop\/es\/#\/schema\/logo\/image\/\"},\"sameAs\":[\"https:\/\/www.facebook.com\/projectearc\/\",\"https:\/\/x.com\/arc_coop\"]}]}<\/script>\n<!-- \/ Yoast SEO plugin. -->","yoast_head_json":{"title":"Equipo - Ar\u00e7 Cooperativa","description":"Personas especializadas en seguros asociadas para construir una cooperativa como espacio de realizaci\u00f3n personal y de pr\u00e1ctica de los valores de la ESS.","robots":{"index":"index","follow":"follow","max-snippet":"max-snippet:-1","max-image-preview":"max-image-preview:large","max-video-preview":"max-video-preview:-1"},"canonical":"https:\/\/arc.coop\/es\/equipo\/","og_locale":"es_ES","og_type":"article","og_title":"Equipo - Ar\u00e7 Cooperativa","og_description":"Personas especializadas en seguros asociadas para construir una cooperativa como espacio de realizaci\u00f3n personal y de pr\u00e1ctica de los valores de la ESS.","og_url":"https:\/\/arc.coop\/es\/equipo\/","og_site_name":"Ar\u00e7 Cooperativa","article_publisher":"https:\/\/www.facebook.com\/projectearc\/","article_modified_time":"2021-12-13T11:56:01+00:00","og_image":[{"url":"https:\/\/arc.coop\/wp-content\/uploads\/2020\/04\/separador-2.png","type":"","width":"","height":""}],"twitter_card":"summary_large_image","twitter_site":"@arc_coop","twitter_misc":{"Tiempo de lectura":"4 minutos"},"schema":{"@context":"https:\/\/schema.org","@graph":[{"@type":"WebPage","@id":"https:\/\/arc.coop\/es\/equipo\/","url":"https:\/\/arc.coop\/es\/equipo\/","name":"Equipo - Ar\u00e7 Cooperativa","isPartOf":{"@id":"https:\/\/arc.coop\/es\/#website"},"primaryImageOfPage":{"@id":"https:\/\/arc.coop\/es\/equipo\/#primaryimage"},"image":{"@id":"https:\/\/arc.coop\/es\/equipo\/#primaryimage"},"thumbnailUrl":"https:\/\/arc.coop\/wp-content\/uploads\/2020\/04\/separador-2.png","datePublished":"2016-07-21T08:16:16+00:00","dateModified":"2021-12-13T11:56:01+00:00","description":"Personas especializadas en seguros asociadas para construir una cooperativa como espacio de realizaci\u00f3n personal y de pr\u00e1ctica de los valores de la ESS.","breadcrumb":{"@id":"https:\/\/arc.coop\/es\/equipo\/#breadcrumb"},"inLanguage":"es","potentialAction":[{"@type":"ReadAction","target":["https:\/\/arc.coop\/es\/equipo\/"]}]},{"@type":"ImageObject","inLanguage":"es","@id":"https:\/\/arc.coop\/es\/equipo\/#primaryimage","url":"https:\/\/arc.coop\/wp-content\/uploads\/2020\/04\/separador-2.png","contentUrl":"https:\/\/arc.coop\/wp-content\/uploads\/2020\/04\/separador-2.png"},{"@type":"BreadcrumbList","@id":"https:\/\/arc.coop\/es\/equipo\/#breadcrumb","itemListElement":[{"@type":"ListItem","position":1,"name":"Inici","item":"https:\/\/arc.coop\/es\/"},{"@type":"ListItem","position":2,"name":"Equipo"}]},{"@type":"WebSite","@id":"https:\/\/arc.coop\/es\/#website","url":"https:\/\/arc.coop\/es\/","name":"Ar\u00e7 Cooperativa","description":"Assegurem comprom\u00eds","publisher":{"@id":"https:\/\/arc.coop\/es\/#organization"},"potentialAction":[{"@type":"SearchAction","target":{"@type":"EntryPoint","urlTemplate":"https:\/\/arc.coop\/es\/?s={search_term_string}"},"query-input":{"@type":"PropertyValueSpecification","valueRequired":true,"valueName":"search_term_string"}}],"inLanguage":"es"},{"@type":"Organization","@id":"https:\/\/arc.coop\/es\/#organization","name":"Ar\u00e7 Cooperativa","url":"https:\/\/arc.coop\/es\/","logo":{"@type":"ImageObject","inLanguage":"es","@id":"https:\/\/arc.coop\/es\/#\/schema\/logo\/image\/","url":"https:\/\/arc.coop\/wp-content\/uploads\/2024\/06\/logo-arc\u00a6o.png","contentUrl":"https:\/\/arc.coop\/wp-content\/uploads\/2024\/06\/logo-arc\u00a6o.png","width":400,"height":400,"caption":"Ar\u00e7 Cooperativa"},"image":{"@id":"https:\/\/arc.coop\/es\/#\/schema\/logo\/image\/"},"sameAs":["https:\/\/www.facebook.com\/projectearc\/","https:\/\/x.com\/arc_coop"]}]}},"_links":{"self":[{"href":"https:\/\/arc.coop\/es\/wp-json\/wp\/v2\/pages\/15898","targetHints":{"allow":["GET"]}}],"collection":[{"href":"https:\/\/arc.coop\/es\/wp-json\/wp\/v2\/pages"}],"about":[{"href":"https:\/\/arc.coop\/es\/wp-json\/wp\/v2\/types\/page"}],"author":[{"embeddable":true,"href":"https:\/\/arc.coop\/es\/wp-json\/wp\/v2\/users\/1"}],"replies":[{"embeddable":true,"href":"https:\/\/arc.coop\/es\/wp-json\/wp\/v2\/comments?post=15898"}],"version-history":[{"count":18,"href":"https:\/\/arc.coop\/es\/wp-json\/wp\/v2\/pages\/15898\/revisions"}],"predecessor-version":[{"id":168195,"href":"https:\/\/arc.coop\/es\/wp-json\/wp\/v2\/pages\/15898\/revisions\/168195"}],"wp:attachment":[{"href":"https:\/\/arc.coop\/es\/wp-json\/wp\/v2\/media?parent=15898"}],"curies":[{"name":"wp","href":"https:\/\/api.w.org\/{rel}","templated":true}]}}