{"id":15907,"date":"2016-07-21T09:28:03","date_gmt":"2016-07-21T09:28:03","guid":{"rendered":"https:\/\/arc.coop\/?page_id=15907"},"modified":"2025-12-16T14:46:53","modified_gmt":"2025-12-16T14:46:53","slug":"responsabilidad-ecosocial","status":"publish","type":"page","link":"https:\/\/arc.coop\/es\/responsabilidad-ecosocial\/","title":{"rendered":"Responsabilidad ecosocial"},"content":{"rendered":"<div class=\"fusion-fullwidth fullwidth-box fusion-fullwidth-1  fusion-parallax-none nonhundred-percent-fullwidth background_1100\" style=\"border-color:#eae9e9;border-bottom-width: 0px;border-top-width: 0px;border-bottom-style: solid;border-top-style: solid;padding-bottom:20px;padding-top:20px;padding-left:;padding-right:;background-color:#f2f2f2;\"><style type=\"text\/css\" scoped=\"scoped\">.fusion-fullwidth-1 {\n                            padding-left: px !important;\n                            padding-right: px !important;\n                        }<\/style><div class=\"fusion-row\"><div class=\"fusion-one-half fusion-layout-column fusion-spacing-yes\" style=\"margin-top:20px;margin-bottom:20px;\"><div class=\"fusion-column-wrapper\"><div class=\"fusion-column-table\"><div class=\"fusion-column-tablecell\"><h2 class=\"title1\" style=\"text-align: left;\"><span style=\"color: #2e7952;\">Transparencia<\/span><\/h2>\n<p style=\"font-size: 19px; text-align: left;\">Movidos por la voluntad de situar las necesidades de las personas en el centro de nuestra actividad, hemos creado una <strong>organizaci\u00f3n responsable<\/strong>, tanto con los colectivos directamente vinculados a nuestra actividad (clientes, socios, trabajadores, proveedores, etc.), como con el entorno social y natural.<\/p>\n<div class=\"fusion-button-wrapper fusion-alignleft\"><style type=\"text\/css\" scoped=\"scoped\">.fusion-button.button-1 .fusion-button-text, .fusion-button.button-1 i {color:#2e7952;}.fusion-button.button-1 {border-width:1px;border-color:#2e7952;}.fusion-button.button-1 .fusion-button-icon-divider{border-color:#2e7952;}.fusion-button.button-1:hover .fusion-button-text, .fusion-button.button-1:hover i,.fusion-button.button-1:focus .fusion-button-text, .fusion-button.button-1:focus i,.fusion-button.button-1:active .fusion-button-text, .fusion-button.button-1:active{color:#ffffff;}.fusion-button.button-1:hover, .fusion-button.button-1:focus, .fusion-button.button-1:active{border-width:1px;border-color:#ffffff;}.fusion-button.button-1:hover .fusion-button-icon-divider, .fusion-button.button-1:hover .fusion-button-icon-divider, .fusion-button.button-1:active .fusion-button-icon-divider{border-color:#ffffff;}.fusion-button.button-1{background: #ffffff;}.fusion-button.button-1:hover,.button-1:focus,.fusion-button.button-1:active{background: #2e7952;}.fusion-button.button-1{width:auto;}<\/style><a class=\"fusion-button button-flat button-round button-large button-default button-1\" target=\"_self\" href=\"https:\/\/arc.coop\/es\/memoria\/\"><span class=\"fusion-button-text\">Consulta nuestra memoria de sostenibilidad<\/span><\/a><\/div><div class=\"fusion-clearfix\"><\/div><\/div><\/div><\/div><\/div><div class=\"fusion-one-half fusion-layout-column fusion-column-last fusion-spacing-yes\" style=\"margin-top:20px;margin-bottom:-40px;\"><div class=\"fusion-column-wrapper\"><span class=\"fusion-imageframe imageframe-none imageframe-1 hover-type-none\"> <img loading=\"lazy\" decoding=\"async\" src=\"https:\/\/arc.coop\/wp-content\/uploads\/2021\/07\/barca.png\" alt=\"\" width=\"1604\" height=\"957\"class=\"img-responsive wp-image-149198\" srcset=\"https:\/\/arc.coop\/wp-content\/uploads\/2021\/07\/barca-200x119.png 200w, https:\/\/arc.coop\/wp-content\/uploads\/2021\/07\/barca-400x239.png 400w, https:\/\/arc.coop\/wp-content\/uploads\/2021\/07\/barca-600x358.png 600w, https:\/\/arc.coop\/wp-content\/uploads\/2021\/07\/barca-800x477.png 800w, https:\/\/arc.coop\/wp-content\/uploads\/2021\/07\/barca-1200x716.png 1200w, https:\/\/arc.coop\/wp-content\/uploads\/2021\/07\/barca.png 1604w\" sizes=\"auto, (max-width: 800px) 100vw, 1100px\" \/><\/span><div class=\"fusion-clearfix\"><\/div><\/div><\/div><div class=\"fusion-clearfix\"><\/div><\/div><\/div><div class=\"fusion-fullwidth fullwidth-box fusion-fullwidth-2  fusion-parallax-fixed nonhundred-percent-fullwidth\" style=\"border-color:#eae9e9;border-bottom-width: 0px;border-top-width: 0px;border-bottom-style: solid;border-top-style: solid;padding-bottom:60px;padding-top:60px;padding-left:0px;padding-right:0px;background-color:#f2f2f2;\"><style type=\"text\/css\" scoped=\"scoped\">.fusion-fullwidth-2 {\n                            padding-left: 0px !important;\n                            padding-right: 0px !important;\n                        }<\/style><div class=\"fusion-row\"><p><img loading=\"lazy\" decoding=\"async\" class=\"size-full wp-image-104197 aligncenter\" src=\"https:\/\/arc.coop\/wp-content\/uploads\/2020\/04\/separador-2.png\" alt=\"\" width=\"1200\" height=\"10\" srcset=\"https:\/\/arc.coop\/wp-content\/uploads\/2020\/04\/separador-2-200x2.png 200w, https:\/\/arc.coop\/wp-content\/uploads\/2020\/04\/separador-2-300x3.png 300w, https:\/\/arc.coop\/wp-content\/uploads\/2020\/04\/separador-2-400x3.png 400w, https:\/\/arc.coop\/wp-content\/uploads\/2020\/04\/separador-2-600x5.png 600w, https:\/\/arc.coop\/wp-content\/uploads\/2020\/04\/separador-2-768x6.png 768w, https:\/\/arc.coop\/wp-content\/uploads\/2020\/04\/separador-2-800x7.png 800w, https:\/\/arc.coop\/wp-content\/uploads\/2020\/04\/separador-2-1024x9.png 1024w, https:\/\/arc.coop\/wp-content\/uploads\/2020\/04\/separador-2.png 1200w\" sizes=\"auto, (max-width: 1200px) 100vw, 1200px\" \/><\/p>\n<div>\n<h3 style=\"text-align: center;\"><span style=\"color: #a32051;\">Como muchas organizaciones de la econom\u00eda solidaria, cada a\u00f1o Ar\u00e7 Cooperativa ense\u00f1a el coraz\u00f3n y elabora el Balance Social<\/span><\/h3>\n<\/div>\n<p><img loading=\"lazy\" decoding=\"async\" class=\"size-full wp-image-104197 aligncenter\" src=\"https:\/\/arc.coop\/wp-content\/uploads\/2020\/04\/separador-2.png\" alt=\"\" width=\"1200\" height=\"10\" srcset=\"https:\/\/arc.coop\/wp-content\/uploads\/2020\/04\/separador-2-200x2.png 200w, https:\/\/arc.coop\/wp-content\/uploads\/2020\/04\/separador-2-300x3.png 300w, https:\/\/arc.coop\/wp-content\/uploads\/2020\/04\/separador-2-400x3.png 400w, https:\/\/arc.coop\/wp-content\/uploads\/2020\/04\/separador-2-600x5.png 600w, https:\/\/arc.coop\/wp-content\/uploads\/2020\/04\/separador-2-768x6.png 768w, https:\/\/arc.coop\/wp-content\/uploads\/2020\/04\/separador-2-800x7.png 800w, https:\/\/arc.coop\/wp-content\/uploads\/2020\/04\/separador-2-1024x9.png 1024w, https:\/\/arc.coop\/wp-content\/uploads\/2020\/04\/separador-2.png 1200w\" sizes=\"auto, (max-width: 1200px) 100vw, 1200px\" \/><\/p>\n<\/div><\/div><div class=\"fusion-fullwidth fullwidth-box fusion-fullwidth-3  fusion-parallax-none nonhundred-percent-fullwidth\" style=\"border-color:#eae9e9;border-bottom-width: 0px;border-top-width: 0px;border-bottom-style: solid;border-top-style: solid;padding-bottom:0px;padding-top:20px;padding-left:;padding-right:;background-color:#ffffff;\"><style type=\"text\/css\" scoped=\"scoped\">.fusion-fullwidth-3 {\n                            padding-left: px !important;\n                            padding-right: px !important;\n                        }<\/style><div class=\"fusion-row\"><div class=\"fusion-one-half fusion-layout-column fusion-spacing-yes\" style=\"margin-top:0px;margin-bottom:20px;\"><div class=\"fusion-column-wrapper\"><h2>Balance Social<\/h2>\n<p>Cada a\u00f1o, Ar\u00e7 Cooperativa elabora la <strong>Auditora Social<\/strong> de la Xarxa d&#8217;Economia Solid\u00e0ria de Catalunya (<a href=\"http:\/\/www.xes.cat\/\">XES<\/a>) y REAS Red de Redes. Se trata de un informe donde se describen y se miden las aportaciones sociales, laborales, profesionales y ecol\u00f3gicas hechas por la organizaci\u00f3n a lo largo de un ejercicio. Es <strong>un instrumento de transparencia<\/strong> dirigido a nuestros clientes y proveedores, as\u00ed como a todas las personas que quieran conocer la organizaci\u00f3n con m\u00e1s detalle.<\/p>\n<div class=\"fusion-button-wrapper fusion-alignleft\"><style type=\"text\/css\" scoped=\"scoped\">.fusion-button.button-2 .fusion-button-text, .fusion-button.button-2 i {color:#2e7952;}.fusion-button.button-2 {border-width:1px;border-color:#2e7952;}.fusion-button.button-2 .fusion-button-icon-divider{border-color:#2e7952;}.fusion-button.button-2:hover .fusion-button-text, .fusion-button.button-2:hover i,.fusion-button.button-2:focus .fusion-button-text, .fusion-button.button-2:focus i,.fusion-button.button-2:active .fusion-button-text, .fusion-button.button-2:active{color:#ffffff;}.fusion-button.button-2:hover, .fusion-button.button-2:focus, .fusion-button.button-2:active{border-width:1px;border-color:#ffffff;}.fusion-button.button-2:hover .fusion-button-icon-divider, .fusion-button.button-2:hover .fusion-button-icon-divider, .fusion-button.button-2:active .fusion-button-icon-divider{border-color:#ffffff;}.fusion-button.button-2{background: #ffffff;}.fusion-button.button-2:hover,.button-2:focus,.fusion-button.button-2:active{background: #2e7952;}.fusion-button.button-2{width:auto;}<\/style><a class=\"fusion-button button-flat button-round button-large button-default button-2\" target=\"_blank\" href=\"https:\/\/arc.coop\/wp-content\/uploads\/2025\/11\/Infografia-Balanc-Social-2025-F58302001.pdf\"><span class=\"fusion-button-text\">Descarga la infograf\u00eda de nuestro Balance Social<\/span><\/a><\/div><div class=\"fusion-sep-clear\"><\/div><div class=\"fusion-separator fusion-full-width-sep sep-none\" style=\"border-color:#ffffff;margin-left: auto;margin-right: auto;margin-top:5px;\"><\/div><div class=\"fusion-button-wrapper fusion-alignleft\"><style type=\"text\/css\" scoped=\"scoped\">.fusion-button.button-3 .fusion-button-text, .fusion-button.button-3 i {color:#2e7952;}.fusion-button.button-3 {border-width:1px;border-color:#2e7952;}.fusion-button.button-3 .fusion-button-icon-divider{border-color:#2e7952;}.fusion-button.button-3:hover .fusion-button-text, .fusion-button.button-3:hover i,.fusion-button.button-3:focus .fusion-button-text, .fusion-button.button-3:focus i,.fusion-button.button-3:active .fusion-button-text, .fusion-button.button-3:active{color:#ffffff;}.fusion-button.button-3:hover, .fusion-button.button-3:focus, .fusion-button.button-3:active{border-width:1px;border-color:#ffffff;}.fusion-button.button-3:hover .fusion-button-icon-divider, .fusion-button.button-3:hover .fusion-button-icon-divider, .fusion-button.button-3:active .fusion-button-icon-divider{border-color:#ffffff;}.fusion-button.button-3{background: #ffffff;}.fusion-button.button-3:hover,.button-3:focus,.fusion-button.button-3:active{background: #2e7952;}.fusion-button.button-3{width:auto;}<\/style><a class=\"fusion-button button-flat button-round button-large button-default button-3\" target=\"_blank\" href=\"https:\/\/arc.coop\/wp-content\/uploads\/2025\/10\/Balanc-Social-2025-arc-cooperativa.pdf\"><span class=\"fusion-button-text\">Descarga nuestro Balance Social<\/span><\/a><\/div><div class=\"fusion-clearfix\"><\/div><\/div><\/div><div class=\"fusion-one-half fusion-layout-column fusion-column-last fusion-spacing-yes padding_50\" style=\"margin-top:-20px;margin-bottom:20px;\"><div class=\"fusion-column-wrapper\"><div class=\"imageframe-align-center\"><span class=\"fusion-imageframe imageframe-none imageframe-2 hover-type-none\"> <img loading=\"lazy\" decoding=\"async\" src=\"https:\/\/arc.coop\/wp-content\/uploads\/2021\/12\/DO0A9486-b.jpg\" alt=\"\" width=\"1200\" height=\"800\"class=\"img-responsive wp-image-168807\" srcset=\"https:\/\/arc.coop\/wp-content\/uploads\/2021\/12\/DO0A9486-b-200x133.jpg 200w, https:\/\/arc.coop\/wp-content\/uploads\/2021\/12\/DO0A9486-b-400x267.jpg 400w, https:\/\/arc.coop\/wp-content\/uploads\/2021\/12\/DO0A9486-b-600x400.jpg 600w, https:\/\/arc.coop\/wp-content\/uploads\/2021\/12\/DO0A9486-b-800x533.jpg 800w, https:\/\/arc.coop\/wp-content\/uploads\/2021\/12\/DO0A9486-b.jpg 1200w\" sizes=\"auto, (max-width: 800px) 100vw, 1100px\" \/><\/span><\/div><div class=\"fusion-clearfix\"><\/div><\/div><\/div><div class=\"fusion-clearfix\"><\/div><\/div><\/div>\n","protected":false},"excerpt":{"rendered":"","protected":false},"author":1,"featured_media":0,"parent":0,"menu_order":0,"comment_status":"closed","ping_status":"closed","template":"100-width.php","meta":{"_monsterinsights_skip_tracking":false,"_monsterinsights_sitenote_active":false,"_monsterinsights_sitenote_note":"","_monsterinsights_sitenote_category":0,"footnotes":""},"class_list":["post-15907","page","type-page","status-publish","hentry"],"yoast_head":"<!-- This site is optimized with the Yoast SEO plugin v25.6 - https:\/\/yoast.com\/wordpress\/plugins\/seo\/ -->\n<title>Responsabilidad ecosocial - Ar\u00e7 Cooperativa<\/title>\n<meta name=\"description\" content=\"Como muchas organizaciones de la econom\u00eda solidaria, cada a\u00f1o Ar\u00e7 Cooperativa ense\u00f1a el coraz\u00f3n y elabora el Balance Social.\" \/>\n<meta name=\"robots\" content=\"index, follow, max-snippet:-1, max-image-preview:large, max-video-preview:-1\" \/>\n<link rel=\"canonical\" href=\"https:\/\/arc.coop\/es\/responsabilidad-ecosocial\/\" \/>\n<meta property=\"og:locale\" content=\"es_ES\" \/>\n<meta property=\"og:type\" content=\"article\" \/>\n<meta property=\"og:title\" content=\"Responsabilidad ecosocial - Ar\u00e7 Cooperativa\" \/>\n<meta property=\"og:description\" content=\"Como muchas organizaciones de la econom\u00eda solidaria, cada a\u00f1o Ar\u00e7 Cooperativa ense\u00f1a el coraz\u00f3n y elabora el Balance Social.\" \/>\n<meta property=\"og:url\" content=\"https:\/\/arc.coop\/es\/responsabilidad-ecosocial\/\" \/>\n<meta property=\"og:site_name\" content=\"Ar\u00e7 Cooperativa\" \/>\n<meta property=\"article:publisher\" content=\"https:\/\/www.facebook.com\/projectearc\/\" \/>\n<meta property=\"article:modified_time\" content=\"2025-12-16T14:46:53+00:00\" \/>\n<meta property=\"og:image\" content=\"https:\/\/arc.coop\/wp-content\/uploads\/2021\/07\/barca.png\" \/>\n\t<meta property=\"og:image:width\" content=\"1604\" \/>\n\t<meta property=\"og:image:height\" content=\"957\" \/>\n\t<meta property=\"og:image:type\" content=\"image\/png\" \/>\n<meta name=\"twitter:card\" content=\"summary_large_image\" \/>\n<meta name=\"twitter:site\" content=\"@arc_coop\" \/>\n<meta name=\"twitter:label1\" content=\"Tiempo de lectura\" \/>\n\t<meta name=\"twitter:data1\" content=\"4 minutos\" \/>\n<script type=\"application\/ld+json\" class=\"yoast-schema-graph\">{\"@context\":\"https:\/\/schema.org\",\"@graph\":[{\"@type\":\"WebPage\",\"@id\":\"https:\/\/arc.coop\/es\/responsabilidad-ecosocial\/\",\"url\":\"https:\/\/arc.coop\/es\/responsabilidad-ecosocial\/\",\"name\":\"Responsabilidad ecosocial - Ar\u00e7 Cooperativa\",\"isPartOf\":{\"@id\":\"https:\/\/arc.coop\/es\/#website\"},\"primaryImageOfPage\":{\"@id\":\"https:\/\/arc.coop\/es\/responsabilidad-ecosocial\/#primaryimage\"},\"image\":{\"@id\":\"https:\/\/arc.coop\/es\/responsabilidad-ecosocial\/#primaryimage\"},\"thumbnailUrl\":\"https:\/\/arc.coop\/wp-content\/uploads\/2021\/07\/barca.png\",\"datePublished\":\"2016-07-21T09:28:03+00:00\",\"dateModified\":\"2025-12-16T14:46:53+00:00\",\"description\":\"Como muchas organizaciones de la econom\u00eda solidaria, cada a\u00f1o Ar\u00e7 Cooperativa ense\u00f1a el coraz\u00f3n y elabora el Balance Social.\",\"breadcrumb\":{\"@id\":\"https:\/\/arc.coop\/es\/responsabilidad-ecosocial\/#breadcrumb\"},\"inLanguage\":\"es\",\"potentialAction\":[{\"@type\":\"ReadAction\",\"target\":[\"https:\/\/arc.coop\/es\/responsabilidad-ecosocial\/\"]}]},{\"@type\":\"ImageObject\",\"inLanguage\":\"es\",\"@id\":\"https:\/\/arc.coop\/es\/responsabilidad-ecosocial\/#primaryimage\",\"url\":\"https:\/\/arc.coop\/wp-content\/uploads\/2021\/07\/barca.png\",\"contentUrl\":\"https:\/\/arc.coop\/wp-content\/uploads\/2021\/07\/barca.png\"},{\"@type\":\"BreadcrumbList\",\"@id\":\"https:\/\/arc.coop\/es\/responsabilidad-ecosocial\/#breadcrumb\",\"itemListElement\":[{\"@type\":\"ListItem\",\"position\":1,\"name\":\"Inici\",\"item\":\"https:\/\/arc.coop\/es\/\"},{\"@type\":\"ListItem\",\"position\":2,\"name\":\"Responsabilidad ecosocial\"}]},{\"@type\":\"WebSite\",\"@id\":\"https:\/\/arc.coop\/es\/#website\",\"url\":\"https:\/\/arc.coop\/es\/\",\"name\":\"Ar\u00e7 Cooperativa\",\"description\":\"Assegurem comprom\u00eds\",\"publisher\":{\"@id\":\"https:\/\/arc.coop\/es\/#organization\"},\"potentialAction\":[{\"@type\":\"SearchAction\",\"target\":{\"@type\":\"EntryPoint\",\"urlTemplate\":\"https:\/\/arc.coop\/es\/?s={search_term_string}\"},\"query-input\":{\"@type\":\"PropertyValueSpecification\",\"valueRequired\":true,\"valueName\":\"search_term_string\"}}],\"inLanguage\":\"es\"},{\"@type\":\"Organization\",\"@id\":\"https:\/\/arc.coop\/es\/#organization\",\"name\":\"Ar\u00e7 Cooperativa\",\"url\":\"https:\/\/arc.coop\/es\/\",\"logo\":{\"@type\":\"ImageObject\",\"inLanguage\":\"es\",\"@id\":\"https:\/\/arc.coop\/es\/#\/schema\/logo\/image\/\",\"url\":\"https:\/\/arc.coop\/wp-content\/uploads\/2024\/06\/logo-arc\u00a6o.png\",\"contentUrl\":\"https:\/\/arc.coop\/wp-content\/uploads\/2024\/06\/logo-arc\u00a6o.png\",\"width\":400,\"height\":400,\"caption\":\"Ar\u00e7 Cooperativa\"},\"image\":{\"@id\":\"https:\/\/arc.coop\/es\/#\/schema\/logo\/image\/\"},\"sameAs\":[\"https:\/\/www.facebook.com\/projectearc\/\",\"https:\/\/x.com\/arc_coop\"]}]}<\/script>\n<!-- \/ Yoast SEO plugin. -->","yoast_head_json":{"title":"Responsabilidad ecosocial - Ar\u00e7 Cooperativa","description":"Como muchas organizaciones de la econom\u00eda solidaria, cada a\u00f1o Ar\u00e7 Cooperativa ense\u00f1a el coraz\u00f3n y elabora el Balance Social.","robots":{"index":"index","follow":"follow","max-snippet":"max-snippet:-1","max-image-preview":"max-image-preview:large","max-video-preview":"max-video-preview:-1"},"canonical":"https:\/\/arc.coop\/es\/responsabilidad-ecosocial\/","og_locale":"es_ES","og_type":"article","og_title":"Responsabilidad ecosocial - Ar\u00e7 Cooperativa","og_description":"Como muchas organizaciones de la econom\u00eda solidaria, cada a\u00f1o Ar\u00e7 Cooperativa ense\u00f1a el coraz\u00f3n y elabora el Balance Social.","og_url":"https:\/\/arc.coop\/es\/responsabilidad-ecosocial\/","og_site_name":"Ar\u00e7 Cooperativa","article_publisher":"https:\/\/www.facebook.com\/projectearc\/","article_modified_time":"2025-12-16T14:46:53+00:00","og_image":[{"width":1604,"height":957,"url":"https:\/\/arc.coop\/wp-content\/uploads\/2021\/07\/barca.png","type":"image\/png"}],"twitter_card":"summary_large_image","twitter_site":"@arc_coop","twitter_misc":{"Tiempo de lectura":"4 minutos"},"schema":{"@context":"https:\/\/schema.org","@graph":[{"@type":"WebPage","@id":"https:\/\/arc.coop\/es\/responsabilidad-ecosocial\/","url":"https:\/\/arc.coop\/es\/responsabilidad-ecosocial\/","name":"Responsabilidad ecosocial - Ar\u00e7 Cooperativa","isPartOf":{"@id":"https:\/\/arc.coop\/es\/#website"},"primaryImageOfPage":{"@id":"https:\/\/arc.coop\/es\/responsabilidad-ecosocial\/#primaryimage"},"image":{"@id":"https:\/\/arc.coop\/es\/responsabilidad-ecosocial\/#primaryimage"},"thumbnailUrl":"https:\/\/arc.coop\/wp-content\/uploads\/2021\/07\/barca.png","datePublished":"2016-07-21T09:28:03+00:00","dateModified":"2025-12-16T14:46:53+00:00","description":"Como muchas organizaciones de la econom\u00eda solidaria, cada a\u00f1o Ar\u00e7 Cooperativa ense\u00f1a el coraz\u00f3n y elabora el Balance Social.","breadcrumb":{"@id":"https:\/\/arc.coop\/es\/responsabilidad-ecosocial\/#breadcrumb"},"inLanguage":"es","potentialAction":[{"@type":"ReadAction","target":["https:\/\/arc.coop\/es\/responsabilidad-ecosocial\/"]}]},{"@type":"ImageObject","inLanguage":"es","@id":"https:\/\/arc.coop\/es\/responsabilidad-ecosocial\/#primaryimage","url":"https:\/\/arc.coop\/wp-content\/uploads\/2021\/07\/barca.png","contentUrl":"https:\/\/arc.coop\/wp-content\/uploads\/2021\/07\/barca.png"},{"@type":"BreadcrumbList","@id":"https:\/\/arc.coop\/es\/responsabilidad-ecosocial\/#breadcrumb","itemListElement":[{"@type":"ListItem","position":1,"name":"Inici","item":"https:\/\/arc.coop\/es\/"},{"@type":"ListItem","position":2,"name":"Responsabilidad ecosocial"}]},{"@type":"WebSite","@id":"https:\/\/arc.coop\/es\/#website","url":"https:\/\/arc.coop\/es\/","name":"Ar\u00e7 Cooperativa","description":"Assegurem comprom\u00eds","publisher":{"@id":"https:\/\/arc.coop\/es\/#organization"},"potentialAction":[{"@type":"SearchAction","target":{"@type":"EntryPoint","urlTemplate":"https:\/\/arc.coop\/es\/?s={search_term_string}"},"query-input":{"@type":"PropertyValueSpecification","valueRequired":true,"valueName":"search_term_string"}}],"inLanguage":"es"},{"@type":"Organization","@id":"https:\/\/arc.coop\/es\/#organization","name":"Ar\u00e7 Cooperativa","url":"https:\/\/arc.coop\/es\/","logo":{"@type":"ImageObject","inLanguage":"es","@id":"https:\/\/arc.coop\/es\/#\/schema\/logo\/image\/","url":"https:\/\/arc.coop\/wp-content\/uploads\/2024\/06\/logo-arc\u00a6o.png","contentUrl":"https:\/\/arc.coop\/wp-content\/uploads\/2024\/06\/logo-arc\u00a6o.png","width":400,"height":400,"caption":"Ar\u00e7 Cooperativa"},"image":{"@id":"https:\/\/arc.coop\/es\/#\/schema\/logo\/image\/"},"sameAs":["https:\/\/www.facebook.com\/projectearc\/","https:\/\/x.com\/arc_coop"]}]}},"_links":{"self":[{"href":"https:\/\/arc.coop\/es\/wp-json\/wp\/v2\/pages\/15907","targetHints":{"allow":["GET"]}}],"collection":[{"href":"https:\/\/arc.coop\/es\/wp-json\/wp\/v2\/pages"}],"about":[{"href":"https:\/\/arc.coop\/es\/wp-json\/wp\/v2\/types\/page"}],"author":[{"embeddable":true,"href":"https:\/\/arc.coop\/es\/wp-json\/wp\/v2\/users\/1"}],"replies":[{"embeddable":true,"href":"https:\/\/arc.coop\/es\/wp-json\/wp\/v2\/comments?post=15907"}],"version-history":[{"count":41,"href":"https:\/\/arc.coop\/es\/wp-json\/wp\/v2\/pages\/15907\/revisions"}],"predecessor-version":[{"id":307634,"href":"https:\/\/arc.coop\/es\/wp-json\/wp\/v2\/pages\/15907\/revisions\/307634"}],"wp:attachment":[{"href":"https:\/\/arc.coop\/es\/wp-json\/wp\/v2\/media?parent=15907"}],"curies":[{"name":"wp","href":"https:\/\/api.w.org\/{rel}","templated":true}]}}