{"id":16142,"date":"2017-05-04T08:51:28","date_gmt":"2017-05-04T08:51:28","guid":{"rendered":"https:\/\/arc.coop\/?page_id=16142"},"modified":"2020-04-27T08:48:48","modified_gmt":"2020-04-27T08:48:48","slug":"energias-renovables","status":"publish","type":"page","link":"https:\/\/arc.coop\/es\/presupuestos\/energias-renovables\/","title":{"rendered":"Energ\u00edas renovables"},"content":{"rendered":"<div class=\"fusion-fullwidth fullwidth-box fusion-fullwidth-1  fusion-parallax-none nonhundred-percent-fullwidth\" style=\"border-color:#eae9e9;border-bottom-width: 0px;border-top-width: 0px;border-bottom-style: solid;border-top-style: solid;padding-bottom:20px;padding-top:20px;padding-left:;padding-right:;background-color:rgba(255,255,255,0);\"><style type=\"text\/css\" scoped=\"scoped\">.fusion-fullwidth-1 {\n                            padding-left: px !important;\n                            padding-right: px !important;\n                        }<\/style><div class=\"fusion-row\"><div class=\"fusion-title title fusion-sep-none fusion-title-size-three\" style=\"margin-top:1px;margin-bottom:31px;\"><h3 class=\"title-heading-left\">Programas de seguros para instalaciones productoras de energ\u00eda renovable<\/h3><\/div>\n<div class=\"wpcf7 no-js\" id=\"wpcf7-f104918-o1\" lang=\"es-ES\" dir=\"ltr\" data-wpcf7-id=\"104918\">\n<div class=\"screen-reader-response\"><p role=\"status\" aria-live=\"polite\" aria-atomic=\"true\"><\/p> <ul><\/ul><\/div>\n<form action=\"\/es\/wp-json\/wp\/v2\/pages\/16142#wpcf7-f104918-o1\" method=\"post\" class=\"wpcf7-form init wpcf7-acceptance-as-validation\" aria-label=\"Formulario de contacto\" novalidate=\"novalidate\" data-status=\"init\">\n<fieldset class=\"hidden-fields-container\"><input type=\"hidden\" name=\"_wpcf7\" value=\"104918\" \/><input type=\"hidden\" name=\"_wpcf7_version\" value=\"6.1\" \/><input type=\"hidden\" name=\"_wpcf7_locale\" value=\"es_ES\" \/><input type=\"hidden\" name=\"_wpcf7_unit_tag\" value=\"wpcf7-f104918-o1\" \/><input type=\"hidden\" name=\"_wpcf7_container_post\" value=\"0\" \/><input type=\"hidden\" name=\"_wpcf7_posted_data_hash\" value=\"\" \/><input type=\"hidden\" name=\"_wpcf7cf_hidden_group_fields\" value=\"[]\" \/><input type=\"hidden\" name=\"_wpcf7cf_hidden_groups\" value=\"[]\" \/><input type=\"hidden\" name=\"_wpcf7cf_visible_groups\" value=\"[]\" \/><input type=\"hidden\" name=\"_wpcf7cf_repeaters\" value=\"[]\" \/><input type=\"hidden\" name=\"_wpcf7cf_steps\" value=\"{}\" \/><input type=\"hidden\" name=\"_wpcf7cf_options\" value=\"{&quot;form_id&quot;:104918,&quot;conditions&quot;:[],&quot;settings&quot;:{&quot;animation&quot;:&quot;yes&quot;,&quot;animation_intime&quot;:200,&quot;animation_outtime&quot;:200,&quot;conditions_ui&quot;:&quot;normal&quot;,&quot;notice_dismissed&quot;:false,&quot;notice_dismissed_rollback-cf7-5.3.2&quot;:true,&quot;notice_dismissed_rollback-cf7-5.4.1&quot;:true,&quot;notice_dismissed_rollback-cf7-5.9.7&quot;:true}}\" \/><input type=\"hidden\" name=\"_wpcf7_recaptcha_response\" value=\"\" \/>\n<\/fieldset>\n<div class=\"row\">\n\t<div class=\"col-md-6 form-group\">\n\t\t<p><label class=\"col-form-label color-corporatiu\" for=\"dni\">CIF\/DNI\/NIE<\/label><br \/>\n<span class=\"wpcf7-form-control-wrap\" data-name=\"identidad\"><input size=\"40\" maxlength=\"400\" class=\"wpcf7-form-control wpcf7-text wpcf7-validates-as-required form-control\" id=\"dni\" aria-required=\"true\" aria-invalid=\"false\" value=\"\" type=\"text\" name=\"identidad\" \/><\/span>\n\t\t<\/p>\n\t<\/div>\n\t<div class=\"col-md-6 form-group\">\n\t\t<p><label class=\"col-form-label color-corporatiu\" for=\"your-raoSocial\">Raz\u00f3n social \/ Nombre y apellidos<\/label><br \/>\n<span class=\"wpcf7-form-control-wrap\" data-name=\"your-raoSocial\"><input size=\"40\" maxlength=\"400\" class=\"wpcf7-form-control wpcf7-text wpcf7-validates-as-required form-control\" id=\"raoSocial\" aria-required=\"true\" aria-invalid=\"false\" value=\"\" type=\"text\" name=\"your-raoSocial\" \/><\/span>\n\t\t<\/p>\n\t<\/div>\n<\/div>\n<div class=\"row\">\n\t<div class=\"col-md-5 form-group\">\n\t\t<p><label class=\"col-form-label \" for=\"your-address\">Direcci\u00f3n<\/label><br \/>\n<span class=\"wpcf7-form-control-wrap\" data-name=\"your-address\"><input size=\"40\" maxlength=\"400\" class=\"wpcf7-form-control wpcf7-text form-control\" id=\"address\" aria-invalid=\"false\" value=\"\" type=\"text\" name=\"your-address\" \/><\/span>\n\t\t<\/p>\n\t<\/div>\n\t<div class=\"col-md-2 form-group\">\n\t\t<p><label class=\"col-form-label \" for=\"postalCode\">C\u00f3digo postal<\/label><br \/>\n<span class=\"wpcf7-form-control-wrap\" data- autocomplete=\"both\" autocomplete=\"off\" name=\"text-postalCode\"><input size=\"5\" maxlength=\"5\" minlength=\"4\" class=\"wpcf7-form-control wpcf7-text form-control\" id=\"codePostal\" aria-invalid=\"false\" value=\"\" type=\"text\" name=\"text-postalCode\" \/><\/span>\n\t\t<\/p>\n\t<\/div>\n\t<div class=\"col-md-5 form-group\">\n\t\t<p><label class=\"col-form-label \" for=\"your-town\">Poblaci\u00f3n<\/label><br \/>\n<span class=\"wpcf7-form-control-wrap\" data- autocomplete=\"both\" autocomplete=\"off\" name=\"your-town\"><input size=\"40\" maxlength=\"400\" class=\"wpcf7-form-control wpcf7-text form-control\" id=\"town\" aria-invalid=\"false\" value=\"\" type=\"text\" name=\"your-town\" \/><\/span>\n\t\t<\/p>\n\t<\/div>\n<\/div>\n<div class=\"row\">\n\t<div class=\"col-md-4 form-group\">\n\t\t<p><label class=\"col-form-label color-corporatiu\" for=\"your-personaContacte\">Persona de contacto<\/label><br \/>\n<span class=\"wpcf7-form-control-wrap\" data-name=\"your-personaContacte\"><input size=\"40\" maxlength=\"400\" class=\"wpcf7-form-control wpcf7-text wpcf7-validates-as-required form-control\" id=\"personaContacte\" aria-required=\"true\" aria-invalid=\"false\" value=\"\" type=\"text\" name=\"your-personaContacte\" \/><\/span>\n\t\t<\/p>\n\t<\/div>\n\t<div class=\"col-md-4 form-group\">\n\t\t<p><label class=\"col-form-label color-corporatiu\" for=\"your-phone\">Tel\u00e9fono <\/label><br \/>\n<span class=\"wpcf7-form-control-wrap\" data- autocomplete=\"both\" autocomplete=\"off\" name=\"tel-phone\"><input size=\"40\" maxlength=\"400\" class=\"wpcf7-form-control wpcf7-tel wpcf7-validates-as-required wpcf7-text wpcf7-validates-as-tel form-control\" id=\"telephone\" aria-required=\"true\" aria-invalid=\"false\" value=\"\" type=\"tel\" name=\"tel-phone\" \/><\/span>\n\t\t<\/p>\n\t<\/div>\n\t<div class=\"col-md-4 form-group\">\n\t\t<p><label class=\"col-form-label color-corporatiu\" for=\"your-email\">Correo electr\u00f3nico <\/label><br \/>\n<span class=\"wpcf7-form-control-wrap\" data- autocomplete=\"both\" autocomplete=\"off\" name=\"your-email\"><input size=\"40\" maxlength=\"400\" class=\"wpcf7-form-control wpcf7-email wpcf7-validates-as-required wpcf7-text wpcf7-validates-as-email form-control\" id=\"email\" aria-required=\"true\" aria-invalid=\"false\" value=\"\" type=\"email\" name=\"your-email\" \/><\/span>\n\t\t<\/p>\n\t<\/div>\n<\/div>\n<hr style=\"border: 2px solid #2e7952;\" \/>\n<div class=\"row\">\n\t<div class=\"col-md-6 form-group no-padding\">\n\t\t<div class=\"col-md-12 form-group\"  style=\"padding: 9px 0;\">\n\t\t\t<p><label class=\"col-form-label \" for=\"your-activitat\">Descripci\u00f3n del proyecto<\/label><br \/>\n<span class=\"wpcf7-form-control-wrap\" data-name=\"your-descripcio_projecte\"><textarea cols=\"40\" rows=\"10\" maxlength=\"2000\" class=\"wpcf7-form-control wpcf7-textarea form-control\" id=\"job\" aria-invalid=\"false\" name=\"your-descripcio_projecte\"><\/textarea><\/span>\n\t\t\t<\/p>\n\t\t<\/div>\n\t<\/div>\n\t<div class=\"col-md-6 form-group\">\n\t\t<div class=\"col-md-12 form-group\"  style=\"padding: 9px 0;\">\n\t\t\t<p><label class=\"col-form-label \" for=\"your-comentaris\">Comentarios<\/label><br \/>\n<span class=\"wpcf7-form-control-wrap\" data-name=\"comentaris-266\"><textarea cols=\"40\" rows=\"10\" maxlength=\"2000\" class=\"wpcf7-form-control wpcf7-textarea\" aria-invalid=\"false\" name=\"comentaris-266\"><\/textarea><\/span>\n\t\t\t<\/p>\n\t\t<\/div>\n\t<\/div>\n\t<div class=\"col-md-12 form-group\">\n\t\t<div class=\"col-md-7 form-group\">\n\t\t\t<p><label class=\"col-form-label color-corporatiu\" for=\"your-tecnologia\">Tecnologia<\/label><br \/>\n<span class=\"wpcf7-form-control-wrap\" data-name=\"checkbox-tecnologia\"><span class=\"wpcf7-form-control wpcf7-checkbox wpcf7-validates-as-required\"><span class=\"wpcf7-list-item first\"><input type=\"checkbox\" name=\"checkbox-tecnologia[]\" value=\"Fotovoltaica\" \/><span class=\"wpcf7-list-item-label\">Fotovoltaica<\/span><\/span><span class=\"wpcf7-list-item\"><input type=\"checkbox\" name=\"checkbox-tecnologia[]\" value=\"E\u00f3lica \/minie\u00f3lica\" \/><span class=\"wpcf7-list-item-label\">E\u00f3lica \/minie\u00f3lica<\/span><\/span><span class=\"wpcf7-list-item\"><input type=\"checkbox\" name=\"checkbox-tecnologia[]\" value=\"Minihidr\u00e1ulica\" \/><span class=\"wpcf7-list-item-label\">Minihidr\u00e1ulica<\/span><\/span><span class=\"wpcf7-list-item\"><input type=\"checkbox\" name=\"checkbox-tecnologia[]\" value=\"Biomasa \/ biogas\" \/><span class=\"wpcf7-list-item-label\">Biomasa \/ biogas<\/span><\/span><span class=\"wpcf7-list-item\"><input type=\"checkbox\" name=\"checkbox-tecnologia[]\" value=\"Comunidades Energ\u00e9ticas\" \/><span class=\"wpcf7-list-item-label\">Comunidades Energ\u00e9ticas<\/span><\/span><span class=\"wpcf7-list-item last\"><input type=\"checkbox\" name=\"checkbox-tecnologia[]\" value=\"Otros\" \/><span class=\"wpcf7-list-item-label\">Otros<\/span><\/span><\/span><\/span>\n\t\t\t<\/p>\n\t\t<\/div>\n\t\t<div class=\"col-md-5 form-group\">\n\t\t\t<p><label class=\"col-form-label color-corporatiu\" for=\"your-tipus_fase\">Tipo de seguro por fase<\/label><br \/>\n<span class=\"wpcf7-form-control-wrap\" data-name=\"checkbox-tipus_fase\"><span class=\"wpcf7-form-control wpcf7-checkbox wpcf7-validates-as-required\"><span class=\"wpcf7-list-item first\"><input type=\"checkbox\" name=\"checkbox-tipus_fase[]\" value=\"Construcci\u00f3n \/ montaje\" \/><span class=\"wpcf7-list-item-label\">Construcci\u00f3n \/ montaje<\/span><\/span><span class=\"wpcf7-list-item\"><input type=\"checkbox\" name=\"checkbox-tipus_fase[]\" value=\"Operaci\u00f3n y explotaci\u00f3n\" \/><span class=\"wpcf7-list-item-label\">Operaci\u00f3n y explotaci\u00f3n<\/span><\/span><span class=\"wpcf7-list-item\"><input type=\"checkbox\" name=\"checkbox-tipus_fase[]\" value=\"Responsabilidad Medioambiental\" \/><span class=\"wpcf7-list-item-label\">Responsabilidad Medioambiental<\/span><\/span><span class=\"wpcf7-list-item last\"><input type=\"checkbox\" name=\"checkbox-tipus_fase[]\" value=\"Otros\" \/><span class=\"wpcf7-list-item-label\">Otros<\/span><\/span><\/span><\/span>\n\t\t\t<\/p>\n\t\t<\/div>\n\t<\/div>\n<\/div>\n<p>\u00bfC\u00f3mo nos has conocido?<br \/>\n<span class=\"wpcf7-form-control-wrap\" data-name=\"menu-973\"><select class=\"wpcf7-form-control wpcf7-select\" aria-invalid=\"false\" name=\"menu-973\"><option value=\"\">&#8212;Por favor, elige una opci\u00f3n&#8212;<\/option><option value=\"Recomendado por un amigo \/ familiar \/ conocido\">Recomendado por un amigo \/ familiar \/ conocido<\/option><option value=\"Ferias \/ charlas\">Ferias \/ charlas<\/option><option value=\"Otras cooperativas \/ Redes de Econom\u00eda Solidaria\">Otras cooperativas \/ Redes de Econom\u00eda Solidaria<\/option><option value=\"Colectivos o entidades (Cultura Popular, escuelas, AMPA\/AFA, etc.)\">Colectivos o entidades (Cultura Popular, escuelas, AMPA\/AFA, etc.)<\/option><option value=\"Redes sociales (Facebook, Twitter, Instagram, etc.)\">Redes sociales (Facebook, Twitter, Instagram, etc.)<\/option><option value=\"Buscadores de Internet (Google, DuckDuckGo, etc.)\">Buscadores de Internet (Google, DuckDuckGo, etc.)<\/option><option value=\"Medios de comunicaci\u00f3n (prensa, radio o televisi\u00f3n)\">Medios de comunicaci\u00f3n (prensa, radio o televisi\u00f3n)<\/option><option value=\"Opcions de consum responsable\">Opcions de consum responsable<\/option><option value=\"La Zona\">La Zona<\/option><option value=\"Nortlan\">Nortlan<\/option><option value=\"Assenur\">Assenur<\/option><option value=\"Tenemos otro seguro contratado con Ar\u00e7 Cooperativa\">Tenemos otro seguro contratado con Ar\u00e7 Cooperativa<\/option><option value=\"Otros\">Otros<\/option><\/select><\/span>\n<\/p>\n<div class=\"fusion-slider-loading\">\n<\/div>\n<p><br \/>\n<span class=\"wpcf7-form-control-wrap\" data-name=\"acceptance-961\"><span class=\"wpcf7-form-control wpcf7-acceptance\"><span class=\"wpcf7-list-item\"><label><input type=\"checkbox\" name=\"acceptance-961\" value=\"1\" aria-invalid=\"false\" \/><span class=\"wpcf7-list-item-label\">Acepto la <a target=\"_blank\" href=\"https:\/\/arc.coop\/es\/politica-de-privacidad\/\" > Pol\u00edtica de privacidad <\/a> y las <a target=\"_blank\" href=\"https:\/\/arc.coop\/es\/condiciones-de-compra\/\" > Condiciones de Compra.<\/a><\/span><\/label><\/span><\/span><\/span><br \/>\n<span class=\"wpcf7-form-control-wrap\" data-name=\"checkbox-245\"><span class=\"wpcf7-form-control wpcf7-checkbox\"><span class=\"wpcf7-list-item first last\"><input type=\"checkbox\" name=\"checkbox-245[]\" value=\"Estoy de acuerdo en recibir el bolet\u00edn electr\u00f3nico con las noticias de la comunidad de Ar\u00e7 Cooperativa y comunicaciones comerciales que siempre tendr\u00e1n el objetivo de promover el mercado social, el consumo consciente o el seguro \u00e9tico. Nosotros no creemos en el marketing agresivo.\" \/><span class=\"wpcf7-list-item-label\">Estoy de acuerdo en recibir el bolet\u00edn electr\u00f3nico con las noticias de la comunidad de Ar\u00e7 Cooperativa y comunicaciones comerciales que siempre tendr\u00e1n el objetivo de promover el mercado social, el consumo consciente o el seguro \u00e9tico. Nosotros no creemos en el marketing agresivo.<\/span><\/span><\/span><\/span>\n<\/p>\n<p><input class=\"wpcf7-form-control wpcf7-submit has-spinner\" type=\"submit\" value=\"Enviar\" \/>\n<\/p>\n<div class=\"\">\n\t<p class=\"color-corporatiu\"> Los campos de color verde son imprescindibles\n\t<\/p>\n<\/div><div class=\"wpcf7-response-output\" aria-hidden=\"true\"><\/div>\n<\/form>\n<\/div>\n\n<\/div><\/div>\n","protected":false},"excerpt":{"rendered":"","protected":false},"author":1,"featured_media":0,"parent":102921,"menu_order":0,"comment_status":"closed","ping_status":"closed","template":"100-width.php","meta":{"_monsterinsights_skip_tracking":false,"_monsterinsights_sitenote_active":false,"_monsterinsights_sitenote_note":"","_monsterinsights_sitenote_category":0,"footnotes":""},"class_list":["post-16142","page","type-page","status-publish","hentry"],"yoast_head":"<!-- This site is optimized with the Yoast SEO plugin v25.6 - https:\/\/yoast.com\/wordpress\/plugins\/seo\/ -->\n<title>Energ\u00edas renovables - Ar\u00e7 Cooperativa<\/title>\n<meta name=\"robots\" content=\"index, follow, max-snippet:-1, max-image-preview:large, max-video-preview:-1\" \/>\n<link rel=\"canonical\" href=\"https:\/\/arc.coop\/es\/presupuestos\/energias-renovables\/\" \/>\n<meta property=\"og:locale\" content=\"es_ES\" \/>\n<meta property=\"og:type\" content=\"article\" \/>\n<meta property=\"og:title\" content=\"Energ\u00edas renovables - Ar\u00e7 Cooperativa\" \/>\n<meta property=\"og:url\" content=\"https:\/\/arc.coop\/es\/presupuestos\/energias-renovables\/\" \/>\n<meta property=\"og:site_name\" content=\"Ar\u00e7 Cooperativa\" \/>\n<meta property=\"article:publisher\" content=\"https:\/\/www.facebook.com\/projectearc\/\" \/>\n<meta property=\"article:modified_time\" content=\"2020-04-27T08:48:48+00:00\" \/>\n<meta name=\"twitter:card\" content=\"summary_large_image\" \/>\n<meta name=\"twitter:site\" content=\"@arc_coop\" \/>\n<meta name=\"twitter:label1\" content=\"Tiempo de lectura\" \/>\n\t<meta name=\"twitter:data1\" content=\"1 minuto\" \/>\n<script type=\"application\/ld+json\" class=\"yoast-schema-graph\">{\"@context\":\"https:\/\/schema.org\",\"@graph\":[{\"@type\":\"WebPage\",\"@id\":\"https:\/\/arc.coop\/es\/presupuestos\/energias-renovables\/\",\"url\":\"https:\/\/arc.coop\/es\/presupuestos\/energias-renovables\/\",\"name\":\"Energ\u00edas renovables - Ar\u00e7 Cooperativa\",\"isPartOf\":{\"@id\":\"https:\/\/arc.coop\/es\/#website\"},\"datePublished\":\"2017-05-04T08:51:28+00:00\",\"dateModified\":\"2020-04-27T08:48:48+00:00\",\"breadcrumb\":{\"@id\":\"https:\/\/arc.coop\/es\/presupuestos\/energias-renovables\/#breadcrumb\"},\"inLanguage\":\"es\",\"potentialAction\":[{\"@type\":\"ReadAction\",\"target\":[\"https:\/\/arc.coop\/es\/presupuestos\/energias-renovables\/\"]}]},{\"@type\":\"BreadcrumbList\",\"@id\":\"https:\/\/arc.coop\/es\/presupuestos\/energias-renovables\/#breadcrumb\",\"itemListElement\":[{\"@type\":\"ListItem\",\"position\":1,\"name\":\"Inici\",\"item\":\"https:\/\/arc.coop\/es\/\"},{\"@type\":\"ListItem\",\"position\":2,\"name\":\"Presupuestos\",\"item\":\"https:\/\/arc.coop\/es\/presupuestos\/\"},{\"@type\":\"ListItem\",\"position\":3,\"name\":\"Energ\u00edas renovables\"}]},{\"@type\":\"WebSite\",\"@id\":\"https:\/\/arc.coop\/es\/#website\",\"url\":\"https:\/\/arc.coop\/es\/\",\"name\":\"Ar\u00e7 Cooperativa\",\"description\":\"Assegurem comprom\u00eds\",\"publisher\":{\"@id\":\"https:\/\/arc.coop\/es\/#organization\"},\"potentialAction\":[{\"@type\":\"SearchAction\",\"target\":{\"@type\":\"EntryPoint\",\"urlTemplate\":\"https:\/\/arc.coop\/es\/?s={search_term_string}\"},\"query-input\":{\"@type\":\"PropertyValueSpecification\",\"valueRequired\":true,\"valueName\":\"search_term_string\"}}],\"inLanguage\":\"es\"},{\"@type\":\"Organization\",\"@id\":\"https:\/\/arc.coop\/es\/#organization\",\"name\":\"Ar\u00e7 Cooperativa\",\"url\":\"https:\/\/arc.coop\/es\/\",\"logo\":{\"@type\":\"ImageObject\",\"inLanguage\":\"es\",\"@id\":\"https:\/\/arc.coop\/es\/#\/schema\/logo\/image\/\",\"url\":\"https:\/\/arc.coop\/wp-content\/uploads\/2024\/06\/logo-arc\u00a6o.png\",\"contentUrl\":\"https:\/\/arc.coop\/wp-content\/uploads\/2024\/06\/logo-arc\u00a6o.png\",\"width\":400,\"height\":400,\"caption\":\"Ar\u00e7 Cooperativa\"},\"image\":{\"@id\":\"https:\/\/arc.coop\/es\/#\/schema\/logo\/image\/\"},\"sameAs\":[\"https:\/\/www.facebook.com\/projectearc\/\",\"https:\/\/x.com\/arc_coop\"]}]}<\/script>\n<!-- \/ Yoast SEO plugin. -->","yoast_head_json":{"title":"Energ\u00edas renovables - Ar\u00e7 Cooperativa","robots":{"index":"index","follow":"follow","max-snippet":"max-snippet:-1","max-image-preview":"max-image-preview:large","max-video-preview":"max-video-preview:-1"},"canonical":"https:\/\/arc.coop\/es\/presupuestos\/energias-renovables\/","og_locale":"es_ES","og_type":"article","og_title":"Energ\u00edas renovables - Ar\u00e7 Cooperativa","og_url":"https:\/\/arc.coop\/es\/presupuestos\/energias-renovables\/","og_site_name":"Ar\u00e7 Cooperativa","article_publisher":"https:\/\/www.facebook.com\/projectearc\/","article_modified_time":"2020-04-27T08:48:48+00:00","twitter_card":"summary_large_image","twitter_site":"@arc_coop","twitter_misc":{"Tiempo de lectura":"1 minuto"},"schema":{"@context":"https:\/\/schema.org","@graph":[{"@type":"WebPage","@id":"https:\/\/arc.coop\/es\/presupuestos\/energias-renovables\/","url":"https:\/\/arc.coop\/es\/presupuestos\/energias-renovables\/","name":"Energ\u00edas renovables - Ar\u00e7 Cooperativa","isPartOf":{"@id":"https:\/\/arc.coop\/es\/#website"},"datePublished":"2017-05-04T08:51:28+00:00","dateModified":"2020-04-27T08:48:48+00:00","breadcrumb":{"@id":"https:\/\/arc.coop\/es\/presupuestos\/energias-renovables\/#breadcrumb"},"inLanguage":"es","potentialAction":[{"@type":"ReadAction","target":["https:\/\/arc.coop\/es\/presupuestos\/energias-renovables\/"]}]},{"@type":"BreadcrumbList","@id":"https:\/\/arc.coop\/es\/presupuestos\/energias-renovables\/#breadcrumb","itemListElement":[{"@type":"ListItem","position":1,"name":"Inici","item":"https:\/\/arc.coop\/es\/"},{"@type":"ListItem","position":2,"name":"Presupuestos","item":"https:\/\/arc.coop\/es\/presupuestos\/"},{"@type":"ListItem","position":3,"name":"Energ\u00edas renovables"}]},{"@type":"WebSite","@id":"https:\/\/arc.coop\/es\/#website","url":"https:\/\/arc.coop\/es\/","name":"Ar\u00e7 Cooperativa","description":"Assegurem comprom\u00eds","publisher":{"@id":"https:\/\/arc.coop\/es\/#organization"},"potentialAction":[{"@type":"SearchAction","target":{"@type":"EntryPoint","urlTemplate":"https:\/\/arc.coop\/es\/?s={search_term_string}"},"query-input":{"@type":"PropertyValueSpecification","valueRequired":true,"valueName":"search_term_string"}}],"inLanguage":"es"},{"@type":"Organization","@id":"https:\/\/arc.coop\/es\/#organization","name":"Ar\u00e7 Cooperativa","url":"https:\/\/arc.coop\/es\/","logo":{"@type":"ImageObject","inLanguage":"es","@id":"https:\/\/arc.coop\/es\/#\/schema\/logo\/image\/","url":"https:\/\/arc.coop\/wp-content\/uploads\/2024\/06\/logo-arc\u00a6o.png","contentUrl":"https:\/\/arc.coop\/wp-content\/uploads\/2024\/06\/logo-arc\u00a6o.png","width":400,"height":400,"caption":"Ar\u00e7 Cooperativa"},"image":{"@id":"https:\/\/arc.coop\/es\/#\/schema\/logo\/image\/"},"sameAs":["https:\/\/www.facebook.com\/projectearc\/","https:\/\/x.com\/arc_coop"]}]}},"_links":{"self":[{"href":"https:\/\/arc.coop\/es\/wp-json\/wp\/v2\/pages\/16142","targetHints":{"allow":["GET"]}}],"collection":[{"href":"https:\/\/arc.coop\/es\/wp-json\/wp\/v2\/pages"}],"about":[{"href":"https:\/\/arc.coop\/es\/wp-json\/wp\/v2\/types\/page"}],"author":[{"embeddable":true,"href":"https:\/\/arc.coop\/es\/wp-json\/wp\/v2\/users\/1"}],"replies":[{"embeddable":true,"href":"https:\/\/arc.coop\/es\/wp-json\/wp\/v2\/comments?post=16142"}],"version-history":[{"count":7,"href":"https:\/\/arc.coop\/es\/wp-json\/wp\/v2\/pages\/16142\/revisions"}],"predecessor-version":[{"id":104922,"href":"https:\/\/arc.coop\/es\/wp-json\/wp\/v2\/pages\/16142\/revisions\/104922"}],"up":[{"embeddable":true,"href":"https:\/\/arc.coop\/es\/wp-json\/wp\/v2\/pages\/102921"}],"wp:attachment":[{"href":"https:\/\/arc.coop\/es\/wp-json\/wp\/v2\/media?parent=16142"}],"curies":[{"name":"wp","href":"https:\/\/api.w.org\/{rel}","templated":true}]}}