{"id":305318,"date":"2025-10-10T10:13:02","date_gmt":"2025-10-10T10:13:02","guid":{"rendered":"https:\/\/arc.coop\/?page_id=305318"},"modified":"2025-10-10T10:24:30","modified_gmt":"2025-10-10T10:24:30","slug":"sistema-interno-de-informacion","status":"publish","type":"page","link":"https:\/\/arc.coop\/es\/sistema-interno-de-informacion\/","title":{"rendered":"Sistema interno de informaci\u00f3n"},"content":{"rendered":"<p><iframe loading=\"lazy\" style=\"background-color: transparent;\" src=\"https:\/\/50e27a75ee7b55e1b15a.canal.h2c.app\/new-form.html#\" name=\"form-complaint\" width=\"100%\" height=\"2300\" frameborder=\"0\"><\/iframe><\/p>\n","protected":false},"excerpt":{"rendered":"","protected":false},"author":2,"featured_media":0,"parent":0,"menu_order":0,"comment_status":"closed","ping_status":"closed","template":"","meta":{"_monsterinsights_skip_tracking":false,"_monsterinsights_sitenote_active":false,"_monsterinsights_sitenote_note":"","_monsterinsights_sitenote_category":0,"footnotes":""},"class_list":["post-305318","page","type-page","status-publish","hentry"],"yoast_head":"<!-- This site is optimized with the Yoast SEO plugin v25.6 - https:\/\/yoast.com\/wordpress\/plugins\/seo\/ -->\n<title>Sistema interno de informaci\u00f3n - Ar\u00e7 Cooperativa<\/title>\n<meta name=\"description\" content=\"A trav\u00e9s de este canal, cualquier persona puede tramitar cualquier tipo comunicaci\u00f3n relacionada con el cumplimiento normativo de Ar\u00e7 Cooperativa.\" \/>\n<meta name=\"robots\" content=\"index, follow, max-snippet:-1, max-image-preview:large, max-video-preview:-1\" \/>\n<link rel=\"canonical\" href=\"https:\/\/arc.coop\/es\/sistema-interno-de-informacion\/\" \/>\n<meta property=\"og:locale\" content=\"es_ES\" \/>\n<meta property=\"og:type\" content=\"article\" \/>\n<meta property=\"og:title\" content=\"Sistema interno de informaci\u00f3n - Ar\u00e7 Cooperativa\" \/>\n<meta property=\"og:description\" content=\"A trav\u00e9s de este canal, cualquier persona puede tramitar cualquier tipo comunicaci\u00f3n relacionada con el cumplimiento normativo de Ar\u00e7 Cooperativa.\" \/>\n<meta property=\"og:url\" content=\"https:\/\/arc.coop\/es\/sistema-interno-de-informacion\/\" \/>\n<meta property=\"og:site_name\" content=\"Ar\u00e7 Cooperativa\" \/>\n<meta property=\"article:publisher\" content=\"https:\/\/www.facebook.com\/projectearc\/\" \/>\n<meta property=\"article:modified_time\" content=\"2025-10-10T10:24:30+00:00\" \/>\n<meta name=\"twitter:card\" content=\"summary_large_image\" \/>\n<meta name=\"twitter:site\" content=\"@arc_coop\" \/>\n<script type=\"application\/ld+json\" class=\"yoast-schema-graph\">{\"@context\":\"https:\/\/schema.org\",\"@graph\":[{\"@type\":\"WebPage\",\"@id\":\"https:\/\/arc.coop\/es\/sistema-interno-de-informacion\/\",\"url\":\"https:\/\/arc.coop\/es\/sistema-interno-de-informacion\/\",\"name\":\"Sistema interno de informaci\u00f3n - Ar\u00e7 Cooperativa\",\"isPartOf\":{\"@id\":\"https:\/\/arc.coop\/es\/#website\"},\"datePublished\":\"2025-10-10T10:13:02+00:00\",\"dateModified\":\"2025-10-10T10:24:30+00:00\",\"description\":\"A trav\u00e9s de este canal, cualquier persona puede tramitar cualquier tipo comunicaci\u00f3n relacionada con el cumplimiento normativo de Ar\u00e7 Cooperativa.\",\"breadcrumb\":{\"@id\":\"https:\/\/arc.coop\/es\/sistema-interno-de-informacion\/#breadcrumb\"},\"inLanguage\":\"es\",\"potentialAction\":[{\"@type\":\"ReadAction\",\"target\":[\"https:\/\/arc.coop\/es\/sistema-interno-de-informacion\/\"]}]},{\"@type\":\"BreadcrumbList\",\"@id\":\"https:\/\/arc.coop\/es\/sistema-interno-de-informacion\/#breadcrumb\",\"itemListElement\":[{\"@type\":\"ListItem\",\"position\":1,\"name\":\"Inici\",\"item\":\"https:\/\/arc.coop\/es\/\"},{\"@type\":\"ListItem\",\"position\":2,\"name\":\"Sistema interno de informaci\u00f3n\"}]},{\"@type\":\"WebSite\",\"@id\":\"https:\/\/arc.coop\/es\/#website\",\"url\":\"https:\/\/arc.coop\/es\/\",\"name\":\"Ar\u00e7 Cooperativa\",\"description\":\"Assegurem comprom\u00eds\",\"publisher\":{\"@id\":\"https:\/\/arc.coop\/es\/#organization\"},\"potentialAction\":[{\"@type\":\"SearchAction\",\"target\":{\"@type\":\"EntryPoint\",\"urlTemplate\":\"https:\/\/arc.coop\/es\/?s={search_term_string}\"},\"query-input\":{\"@type\":\"PropertyValueSpecification\",\"valueRequired\":true,\"valueName\":\"search_term_string\"}}],\"inLanguage\":\"es\"},{\"@type\":\"Organization\",\"@id\":\"https:\/\/arc.coop\/es\/#organization\",\"name\":\"Ar\u00e7 Cooperativa\",\"url\":\"https:\/\/arc.coop\/es\/\",\"logo\":{\"@type\":\"ImageObject\",\"inLanguage\":\"es\",\"@id\":\"https:\/\/arc.coop\/es\/#\/schema\/logo\/image\/\",\"url\":\"https:\/\/arc.coop\/wp-content\/uploads\/2024\/06\/logo-arc\u00a6o.png\",\"contentUrl\":\"https:\/\/arc.coop\/wp-content\/uploads\/2024\/06\/logo-arc\u00a6o.png\",\"width\":400,\"height\":400,\"caption\":\"Ar\u00e7 Cooperativa\"},\"image\":{\"@id\":\"https:\/\/arc.coop\/es\/#\/schema\/logo\/image\/\"},\"sameAs\":[\"https:\/\/www.facebook.com\/projectearc\/\",\"https:\/\/x.com\/arc_coop\"]}]}<\/script>\n<!-- \/ Yoast SEO plugin. -->","yoast_head_json":{"title":"Sistema interno de informaci\u00f3n - Ar\u00e7 Cooperativa","description":"A trav\u00e9s de este canal, cualquier persona puede tramitar cualquier tipo comunicaci\u00f3n relacionada con el cumplimiento normativo de Ar\u00e7 Cooperativa.","robots":{"index":"index","follow":"follow","max-snippet":"max-snippet:-1","max-image-preview":"max-image-preview:large","max-video-preview":"max-video-preview:-1"},"canonical":"https:\/\/arc.coop\/es\/sistema-interno-de-informacion\/","og_locale":"es_ES","og_type":"article","og_title":"Sistema interno de informaci\u00f3n - Ar\u00e7 Cooperativa","og_description":"A trav\u00e9s de este canal, cualquier persona puede tramitar cualquier tipo comunicaci\u00f3n relacionada con el cumplimiento normativo de Ar\u00e7 Cooperativa.","og_url":"https:\/\/arc.coop\/es\/sistema-interno-de-informacion\/","og_site_name":"Ar\u00e7 Cooperativa","article_publisher":"https:\/\/www.facebook.com\/projectearc\/","article_modified_time":"2025-10-10T10:24:30+00:00","twitter_card":"summary_large_image","twitter_site":"@arc_coop","schema":{"@context":"https:\/\/schema.org","@graph":[{"@type":"WebPage","@id":"https:\/\/arc.coop\/es\/sistema-interno-de-informacion\/","url":"https:\/\/arc.coop\/es\/sistema-interno-de-informacion\/","name":"Sistema interno de informaci\u00f3n - Ar\u00e7 Cooperativa","isPartOf":{"@id":"https:\/\/arc.coop\/es\/#website"},"datePublished":"2025-10-10T10:13:02+00:00","dateModified":"2025-10-10T10:24:30+00:00","description":"A trav\u00e9s de este canal, cualquier persona puede tramitar cualquier tipo comunicaci\u00f3n relacionada con el cumplimiento normativo de Ar\u00e7 Cooperativa.","breadcrumb":{"@id":"https:\/\/arc.coop\/es\/sistema-interno-de-informacion\/#breadcrumb"},"inLanguage":"es","potentialAction":[{"@type":"ReadAction","target":["https:\/\/arc.coop\/es\/sistema-interno-de-informacion\/"]}]},{"@type":"BreadcrumbList","@id":"https:\/\/arc.coop\/es\/sistema-interno-de-informacion\/#breadcrumb","itemListElement":[{"@type":"ListItem","position":1,"name":"Inici","item":"https:\/\/arc.coop\/es\/"},{"@type":"ListItem","position":2,"name":"Sistema interno de informaci\u00f3n"}]},{"@type":"WebSite","@id":"https:\/\/arc.coop\/es\/#website","url":"https:\/\/arc.coop\/es\/","name":"Ar\u00e7 Cooperativa","description":"Assegurem comprom\u00eds","publisher":{"@id":"https:\/\/arc.coop\/es\/#organization"},"potentialAction":[{"@type":"SearchAction","target":{"@type":"EntryPoint","urlTemplate":"https:\/\/arc.coop\/es\/?s={search_term_string}"},"query-input":{"@type":"PropertyValueSpecification","valueRequired":true,"valueName":"search_term_string"}}],"inLanguage":"es"},{"@type":"Organization","@id":"https:\/\/arc.coop\/es\/#organization","name":"Ar\u00e7 Cooperativa","url":"https:\/\/arc.coop\/es\/","logo":{"@type":"ImageObject","inLanguage":"es","@id":"https:\/\/arc.coop\/es\/#\/schema\/logo\/image\/","url":"https:\/\/arc.coop\/wp-content\/uploads\/2024\/06\/logo-arc\u00a6o.png","contentUrl":"https:\/\/arc.coop\/wp-content\/uploads\/2024\/06\/logo-arc\u00a6o.png","width":400,"height":400,"caption":"Ar\u00e7 Cooperativa"},"image":{"@id":"https:\/\/arc.coop\/es\/#\/schema\/logo\/image\/"},"sameAs":["https:\/\/www.facebook.com\/projectearc\/","https:\/\/x.com\/arc_coop"]}]}},"_links":{"self":[{"href":"https:\/\/arc.coop\/es\/wp-json\/wp\/v2\/pages\/305318","targetHints":{"allow":["GET"]}}],"collection":[{"href":"https:\/\/arc.coop\/es\/wp-json\/wp\/v2\/pages"}],"about":[{"href":"https:\/\/arc.coop\/es\/wp-json\/wp\/v2\/types\/page"}],"author":[{"embeddable":true,"href":"https:\/\/arc.coop\/es\/wp-json\/wp\/v2\/users\/2"}],"replies":[{"embeddable":true,"href":"https:\/\/arc.coop\/es\/wp-json\/wp\/v2\/comments?post=305318"}],"version-history":[{"count":3,"href":"https:\/\/arc.coop\/es\/wp-json\/wp\/v2\/pages\/305318\/revisions"}],"predecessor-version":[{"id":305323,"href":"https:\/\/arc.coop\/es\/wp-json\/wp\/v2\/pages\/305318\/revisions\/305323"}],"wp:attachment":[{"href":"https:\/\/arc.coop\/es\/wp-json\/wp\/v2\/media?parent=305318"}],"curies":[{"name":"wp","href":"https:\/\/api.w.org\/{rel}","templated":true}]}}